{"id":2,"date":"2014-05-23T14:16:45","date_gmt":"2014-05-23T13:16:45","guid":{"rendered":"http:\/\/www.aya-info.ch\/?page_id=2"},"modified":"2024-04-10T15:52:50","modified_gmt":"2024-04-10T14:52:50","slug":"page-d-exemple","status":"publish","type":"page","link":"https:\/\/www.aya-info.ch\/","title":{"rendered":"Qui sommes-nous?"},"content":{"rendered":"<p style=\"text-align: justify;\"><img decoding=\"async\" loading=\"lazy\" class=\"alignnone  wp-image-137\" src=\"http:\/\/www.aya-info.ch\/wp-content\/uploads\/2014\/06\/FLYER-RECTO-A-et-D-9-Copie.jpg\" alt=\"FLYER RECTO A et D 9 - Copie\" width=\"175\" height=\"84\" srcset=\"https:\/\/www.aya-info.ch\/wp-content\/uploads\/2014\/06\/FLYER-RECTO-A-et-D-9-Copie.jpg 400w, https:\/\/www.aya-info.ch\/wp-content\/uploads\/2014\/06\/FLYER-RECTO-A-et-D-9-Copie-300x144.jpg 300w\" sizes=\"(max-width: 175px) 100vw, 175px\" \/><\/p>\n<p style=\"text-align: justify;\">Nous sommes un groupe d\u2019amis, fervents \u2018\u2019supporters\u2019\u2019 de la cause indienne et de M. Silvio Cavuscens, qui est coordinateur g\u00e9n\u00e9ral de l&rsquo;ONG\u00a0<a href=\"http:\/\/www.secoya.org.br\/\" target=\"_blank\">SECOYA<\/a> (<strong>Se<\/strong>rvice et <strong>Co<\/strong>op\u00e9ration avec le peuple <strong>Ya<\/strong>nomami).<\/p>\n<p style=\"text-align: justify;\">Nous avons fond\u00e9 l\u2019association AYA (<strong>A<\/strong>ppui au Peuple <strong>Y<\/strong>anomami d&rsquo;<strong>A<\/strong>mazonie)<strong>\u00a0<\/strong>en 2007, afin de soutenir les actions de SECOYA et de mieux faire conna\u00eetre en Suisse la probl\u00e9matique des Peuples Autochtones de la for\u00eat.<\/p>\n<div class=\"entry-content\" style=\"color: #333333;\">\n<p style=\"text-align: justify;\">AYA fonctionne selon un mode enti\u00e8rement b\u00e9n\u00e9vole et envoie au Br\u00e9sil jusqu\u2019au dernier centime des dons r\u00e9colt\u00e9s.<\/p>\n<p style=\"text-align: justify;\">QR Code :<\/p>\n<p style=\"text-align: justify;\"><a href=\"http:\/\/www.aya-info.ch\/wp-content\/uploads\/2014\/05\/QR-code-AYA.png\"><img decoding=\"async\" loading=\"lazy\" class=\"alignnone  wp-image-317\" src=\"http:\/\/www.aya-info.ch\/wp-content\/uploads\/2014\/05\/QR-code-AYA.png\" alt=\"QR code AYA\" width=\"135\" height=\"132\" srcset=\"https:\/\/www.aya-info.ch\/wp-content\/uploads\/2014\/05\/QR-code-AYA.png 417w, https:\/\/www.aya-info.ch\/wp-content\/uploads\/2014\/05\/QR-code-AYA-300x294.png 300w\" sizes=\"(max-width: 135px) 100vw, 135px\" \/><\/a><\/p>\n<p style=\"text-align: justify;\"><a href=\"http:\/\/www.aya-info.ch\/wp-content\/uploads\/2014\/05\/QR_Facture_20220926.pdf\" target=\"_blank\">T\u00e9l\u00e9charger le QR code au format PDF<\/a><\/p>\n<\/div>\n","protected":false},"excerpt":{"rendered":"<p>Nous sommes un groupe d\u2019amis, fervents \u2018\u2019supporters\u2019\u2019 de la cause indienne et de M. Silvio Cavuscens, qui est coordinateur g\u00e9n\u00e9ral de l&rsquo;ONG\u00a0SECOYA (Service et Coop\u00e9ration avec le peuple Yanomami). Nous avons fond\u00e9 l\u2019association AYA (Appui au Peuple Yanomami d&rsquo;Amazonie)\u00a0en 2007, &hellip; <a href=\"https:\/\/www.aya-info.ch\/\">Continuer la lecture <span class=\"meta-nav\">&rarr;<\/span><\/a><\/p>\n","protected":false},"author":1,"featured_media":0,"parent":0,"menu_order":0,"comment_status":"closed","ping_status":"closed","template":"","meta":[],"_links":{"self":[{"href":"https:\/\/www.aya-info.ch\/index.php?rest_route=\/wp\/v2\/pages\/2"}],"collection":[{"href":"https:\/\/www.aya-info.ch\/index.php?rest_route=\/wp\/v2\/pages"}],"about":[{"href":"https:\/\/www.aya-info.ch\/index.php?rest_route=\/wp\/v2\/types\/page"}],"author":[{"embeddable":true,"href":"https:\/\/www.aya-info.ch\/index.php?rest_route=\/wp\/v2\/users\/1"}],"replies":[{"embeddable":true,"href":"https:\/\/www.aya-info.ch\/index.php?rest_route=%2Fwp%2Fv2%2Fcomments&post=2"}],"version-history":[{"count":18,"href":"https:\/\/www.aya-info.ch\/index.php?rest_route=\/wp\/v2\/pages\/2\/revisions"}],"predecessor-version":[{"id":340,"href":"https:\/\/www.aya-info.ch\/index.php?rest_route=\/wp\/v2\/pages\/2\/revisions\/340"}],"wp:attachment":[{"href":"https:\/\/www.aya-info.ch\/index.php?rest_route=%2Fwp%2Fv2%2Fmedia&parent=2"}],"curies":[{"name":"wp","href":"https:\/\/api.w.org\/{rel}","templated":true}]}}