{"id":207,"date":"2016-07-05T09:17:41","date_gmt":"2016-07-05T08:17:41","guid":{"rendered":"http:\/\/www.aya-info.ch\/?page_id=207"},"modified":"2020-02-20T21:08:19","modified_gmt":"2020-02-20T20:08:19","slug":"projets-en-cours","status":"publish","type":"page","link":"https:\/\/www.aya-info.ch\/?page_id=207","title":{"rendered":"Projet en cours"},"content":{"rendered":"<h2>Projet sages-femmes traditionnelles Yanomami<!--EndFragment--><\/h2>\n<p><a title=\"Projet sant\u00e9 2016-2018\" href=\"http:\/\/www.aya-info.ch\/wp-content\/uploads\/2014\/05\/Projet-Sages-femmes-traditionnelles.pdf\" target=\"_blank\">Le projet en PDF<\/a><\/p>\n<p>L&rsquo;association AYA recherche des financements pour ce projet qui sera mis en \u0153uvre par la SECOYA.<\/p>\n<h3>R\u00e9sum\u00e9<\/h3>\n<p>Ce projet a pour objectif de mettre en \u0153uvre un plan d\u2019action en vu de la r\u00e9alisation d\u2019un cours de sages-femmes traditionnelles. Cette formation permettra aux femmes de r\u00e9pondre aux probl\u00e8mes de sant\u00e9 identifi\u00e9s et garantir le respect au droit \u00e0 l\u2019autod\u00e9termination. Il sera donn\u00e9e dans le cadre du programme d&rsquo;\u00e9ducation \u00e0 la sant\u00e9, cr\u00e9e par la Secoya en 2011. Ce programme vise \u00e0 d\u00e9fendre et \u00e0 faire appliquer le concept de sant\u00e9 indig\u00e8ne diff\u00e9renci\u00e9e \u00e0 partir d&rsquo;une construction participative d&rsquo;actions de pr\u00e9vention qui soient accessibles et adapt\u00e9s \u00e0 la r\u00e9alit\u00e9 Yanomami. Il est d\u00e9velopp\u00e9 \u00e0 travers trois domaines principaux: le travail de pr\u00e9vention, le processus de d\u00e9mocratie participative et la valorisation de la m\u00e9decine traditionnelle. Sur le long terme, l\u2019autonomisation des femmes sera renforc\u00e9e de par l\u2019aspect de transmission et valorisation de connaissances traditionnelles f\u00e9minines, une plus grande reconnaissance de leurs comp\u00e9tences tant au niveau communautaire qu\u2019au niveau des autorit\u00e9s sanitaires ainsi que par la possibilit\u00e9 de l\u2019ad\u00e9quation de leur niveau de scolarit\u00e9. Ce projet contribuera en outre \u00e0 favoriser une plus grande insertion des femmes dans l\u2019association Yanomami Kurikama ainsi qu\u2019au sein du Conseil du District Sanitaire Yanomami.<\/p>\n<h3>Objectifs<\/h3>\n<p>Plan pour la mise en \u0153uvre du projet pilote de formation des sages-femmes traditionnelles Yanomami \u00e9labor\u00e9 et actions de gestion op\u00e9rationnelles.<\/p>\n<p>Sages-femmes traditionnelles reconnues et habilit\u00e9es pour d\u00e9velopper des actions de promotion de la sant\u00e9 (des femmes et des nouveau-n\u00e9s) et des actions de pr\u00e9vention des complications li\u00e9es \u00e0 la grossesse, l&rsquo;accouchement et le post-partum.<\/p>\n<h3>B\u00e9n\u00e9ficiaires<\/h3>\n<p>B\u00e9n\u00e9ficiaires directs r\u00e9guliers :<br \/>\n&#8211; 30 sages-femmes traditionnelles ;<br \/>\n&#8211; 350 femmes en \u00e2ge fertile ;<br \/>\n&#8211; 150 enfants de moins de deux ans.<\/p>\n<p>B\u00e9n\u00e9ficiaires directs ponctuels :<br \/>\n&#8211; 40 personnes entre les membres de l\u2019association Kurikama (37), les conseillers de sant\u00e9 distritaux du Maraui\u00e1 (2) et les consultants indig\u00e8nes (1).<\/p>\n<p>B\u00e9n\u00e9ficiaires indirects:<br \/>\n1630 Habitants de la r\u00e9gion de la rivi\u00e8re Maraui\u00e1 (retranchant les 570 b\u00e9n\u00e9ficiaires directs).<\/p>\n<h3>Planning du projet<\/h3>\n<p>De mars 2020 \u00e0 f\u00e9vrier 2021.<\/p>\n<h3>Localisation<\/h3>\n<p><a href=\"http:\/\/www.aya-info.ch\/wp-content\/uploads\/2016\/07\/Image.jpg\"><img decoding=\"async\" loading=\"lazy\" class=\"alignnone size-full wp-image-210\" src=\"http:\/\/www.aya-info.ch\/wp-content\/uploads\/2016\/07\/Image.jpg\" alt=\"Image\" width=\"755\" height=\"738\" srcset=\"https:\/\/www.aya-info.ch\/wp-content\/uploads\/2016\/07\/Image.jpg 755w, https:\/\/www.aya-info.ch\/wp-content\/uploads\/2016\/07\/Image-300x293.jpg 300w\" sizes=\"(max-width: 755px) 100vw, 755px\" \/><\/a><\/p>\n","protected":false},"excerpt":{"rendered":"<p>Projet sages-femmes traditionnelles Yanomami Le projet en PDF L&rsquo;association AYA recherche des financements pour ce projet qui sera mis en \u0153uvre par la SECOYA. R\u00e9sum\u00e9 Ce projet a pour objectif de mettre en \u0153uvre un plan d\u2019action en vu de &hellip; <a href=\"https:\/\/www.aya-info.ch\/?page_id=207\">Continuer la lecture <span class=\"meta-nav\">&rarr;<\/span><\/a><\/p>\n","protected":false},"author":1,"featured_media":0,"parent":0,"menu_order":0,"comment_status":"closed","ping_status":"closed","template":"","meta":[],"_links":{"self":[{"href":"https:\/\/www.aya-info.ch\/index.php?rest_route=\/wp\/v2\/pages\/207"}],"collection":[{"href":"https:\/\/www.aya-info.ch\/index.php?rest_route=\/wp\/v2\/pages"}],"about":[{"href":"https:\/\/www.aya-info.ch\/index.php?rest_route=\/wp\/v2\/types\/page"}],"author":[{"embeddable":true,"href":"https:\/\/www.aya-info.ch\/index.php?rest_route=\/wp\/v2\/users\/1"}],"replies":[{"embeddable":true,"href":"https:\/\/www.aya-info.ch\/index.php?rest_route=%2Fwp%2Fv2%2Fcomments&post=207"}],"version-history":[{"count":10,"href":"https:\/\/www.aya-info.ch\/index.php?rest_route=\/wp\/v2\/pages\/207\/revisions"}],"predecessor-version":[{"id":273,"href":"https:\/\/www.aya-info.ch\/index.php?rest_route=\/wp\/v2\/pages\/207\/revisions\/273"}],"wp:attachment":[{"href":"https:\/\/www.aya-info.ch\/index.php?rest_route=%2Fwp%2Fv2%2Fmedia&parent=207"}],"curies":[{"name":"wp","href":"https:\/\/api.w.org\/{rel}","templated":true}]}}