{"id":45,"date":"2014-05-25T15:51:19","date_gmt":"2014-05-25T14:51:19","guid":{"rendered":"http:\/\/www.aya-info.ch\/?page_id=45"},"modified":"2014-09-08T23:22:25","modified_gmt":"2014-09-08T22:22:25","slug":"secoya","status":"publish","type":"page","link":"https:\/\/www.aya-info.ch\/?page_id=45","title":{"rendered":"Secoya"},"content":{"rendered":"<p><img decoding=\"async\" loading=\"lazy\" class=\"alignnone size-full wp-image-121\" src=\"http:\/\/www.aya-info.ch\/wp-content\/uploads\/2014\/05\/Secoya.png\" alt=\"Secoya\" width=\"960\" height=\"130\" srcset=\"https:\/\/www.aya-info.ch\/wp-content\/uploads\/2014\/05\/Secoya.png 960w, https:\/\/www.aya-info.ch\/wp-content\/uploads\/2014\/05\/Secoya-300x40.png 300w, https:\/\/www.aya-info.ch\/wp-content\/uploads\/2014\/05\/Secoya-624x84.png 624w\" sizes=\"(max-width: 960px) 100vw, 960px\" \/><\/p>\n<p style=\"text-align: justify;\">AYA est une association de soutien des actions de\u00a0<a href=\"http:\/\/www.secoya.org.br\/\" target=\"_blank\">SECOYA<\/a>\u00a0(Service et Coop\u00e9ration avec le peuple Yanomami), \u00e0 qui elle reverse jusqu&rsquo;\u00e0 son dernier centime.<\/p>\n<h2 style=\"text-align: justify;\">Qu&rsquo;est-ce que SECOYA?<\/h2>\n<p style=\"text-align: justify;\">C&rsquo;est une ONG (<a href=\"http:\/\/fr.wikipedia.org\/wiki\/Organisation_non_gouvernementale\" target=\"_blank\">Organisation Non Gouvernementale<\/a>)\u00a0indig\u00e9niste br\u00e9silienne de coop\u00e9ration et de services aupr\u00e8s du Peuple Yanomami, cr\u00e9\u00e9e en 1997 par M. Silvio Cavuscens, d&rsquo;origine suisse, et travaillant avec les peuples indig\u00e8nes d\u2019Amazonie depuis plus de 33 ans.<\/p>\n<p style=\"text-align: justify;\">SECOYA d\u00e9veloppe 4 programmes de travail:<\/p>\n<ul style=\"text-align: justify;\">\n<li>Education bilingue et diff\u00e9renci\u00e9e<\/li>\n<li>Education et de pr\u00e9vention en sant\u00e9<\/li>\n<li>D\u00e9veloppement d&rsquo;alternatives \u00e9conomiques et durables<\/li>\n<li>D\u00e9fense des droits des Peuples Autochtones<\/li>\n<\/ul>\n<p style=\"text-align: justify;\">Le tout sp\u00e9cifiquement orient\u00e9 vers les Yanomami de l&rsquo;Etat d&rsquo;Amazonas au Br\u00e9sil<\/p>\n","protected":false},"excerpt":{"rendered":"<p>AYA est une association de soutien des actions de\u00a0SECOYA\u00a0(Service et Coop\u00e9ration avec le peuple Yanomami), \u00e0 qui elle reverse jusqu&rsquo;\u00e0 son dernier centime. Qu&rsquo;est-ce que SECOYA? C&rsquo;est une ONG (Organisation Non Gouvernementale)\u00a0indig\u00e9niste br\u00e9silienne de coop\u00e9ration et de services aupr\u00e8s du &hellip; <a href=\"https:\/\/www.aya-info.ch\/?page_id=45\">Continuer la lecture <span class=\"meta-nav\">&rarr;<\/span><\/a><\/p>\n","protected":false},"author":1,"featured_media":0,"parent":0,"menu_order":5,"comment_status":"closed","ping_status":"closed","template":"","meta":[],"_links":{"self":[{"href":"https:\/\/www.aya-info.ch\/index.php?rest_route=\/wp\/v2\/pages\/45"}],"collection":[{"href":"https:\/\/www.aya-info.ch\/index.php?rest_route=\/wp\/v2\/pages"}],"about":[{"href":"https:\/\/www.aya-info.ch\/index.php?rest_route=\/wp\/v2\/types\/page"}],"author":[{"embeddable":true,"href":"https:\/\/www.aya-info.ch\/index.php?rest_route=\/wp\/v2\/users\/1"}],"replies":[{"embeddable":true,"href":"https:\/\/www.aya-info.ch\/index.php?rest_route=%2Fwp%2Fv2%2Fcomments&post=45"}],"version-history":[{"count":17,"href":"https:\/\/www.aya-info.ch\/index.php?rest_route=\/wp\/v2\/pages\/45\/revisions"}],"predecessor-version":[{"id":171,"href":"https:\/\/www.aya-info.ch\/index.php?rest_route=\/wp\/v2\/pages\/45\/revisions\/171"}],"wp:attachment":[{"href":"https:\/\/www.aya-info.ch\/index.php?rest_route=%2Fwp%2Fv2%2Fmedia&parent=45"}],"curies":[{"name":"wp","href":"https:\/\/api.w.org\/{rel}","templated":true}]}}